{"id":31,"date":"2015-11-01T09:52:06","date_gmt":"2015-11-01T09:52:06","guid":{"rendered":"http:\/\/expresslogistics.weblusive-themes.com\/?page_id=31"},"modified":"2022-12-13T15:48:45","modified_gmt":"2022-12-13T15:48:45","slug":"home","status":"publish","type":"page","link":"http:\/\/consulca.com.mx\/","title":{"rendered":"Inicio"},"content":{"rendered":"<p>[vc_row css=\u00bb.vc_custom_1579280388163{background-color: #ffffff !important;}\u00bb][vc_column][rev_slider_vc alias=\u00bbhome-corporate-2-slider\u00bb][vc_separator color=\u00bbcustom\u00bb accent_color=\u00bb#eeee22&#8243;][\/vc_column][\/vc_row][vc_row][vc_column][vc_row_inner][vc_column_inner width=\u00bb1\/4&#8243;][\/vc_column_inner][vc_column_inner width=\u00bb1\/2&#8243;][vc_column_text]<\/p>\n<p style=\"text-align: justify;\"><strong>Somos un grupo de consultores y <\/strong><strong>formadores profesionales, especialistas en <\/strong><strong>diferentes \u00e1reas de negocio. <\/strong><strong>Hemos trabajado con m\u00e1s de 400 empresas en <\/strong><strong>los \u00faltimos 20 a\u00f1os. <\/strong><strong>Ayudamos a las organizaciones e individuos <\/strong><strong>a elevar su nivel de servicio y hacerlos m\u00e1s <\/strong><strong>rentables, utilizando plataformas tecnol\u00f3gicas. <\/strong><strong>Mediante las mejores pr\u00e1cticas <\/strong><strong>internacionales guiamos a las organizaciones <\/strong><strong>a implementar proyectos que les ayuden a <\/strong><strong>organizar sus procesos, establecer sus <\/strong><strong>m\u00e9tricas, incrementar sus ventas, elevar la <\/strong><strong>competencia del personal y solucionar <\/strong><strong>problem\u00e1ticas para el logro de objetivos.<\/strong><\/p>\n<p>[\/vc_column_text][\/vc_column_inner][vc_column_inner width=\u00bb1\/3&#8243;][\/vc_column_inner][\/vc_row_inner][\/vc_column][vc_column][\/vc_column][\/vc_row][vc_row][vc_column][vc_row_inner][vc_column_inner width=\u00bb1\/4&#8243;][\/vc_column_inner][vc_column_inner width=\u00bb1\/2&#8243;]<div class=\"section-header tblock-default text-left   \">\r\n\t\t\t\t<h3 class=\"tblock \" style=\"color: !important;\">NUESTROS SERVICIOS<\/h3><p style=\"color: !important;\">Contamos con servicios integrales para su empresa<\/p>\r\n\t\t\t<\/div>[\/vc_column_inner][vc_column_inner width=\u00bb1\/4&#8243;][\/vc_column_inner][\/vc_row_inner][\/vc_column][vc_column]<div class=\"fullsize fullsize-background notopborder nobottomborder  \" style=\" background-color:#f7f8f9 !important; background-repeat:no-repeat !important; \">[vc_row_inner el_class=\u00bbcontainer\u00bb][vc_column_inner anim=\u00bbfadeInUp\u00bb nav=\u00bbtrue\u00bb pag=\u00bbtrue\u00bb auto=\u00bbtrue\u00bb speed=\u00bb3000&#8243; sitems=\u00bb3&#8243;]<div class=\"blank-spacer clearfix  negative-margin\" ><\/div><div id=\"conent-slider-91149\" class=\"content-slider  owl-carousel animation fadeInUp\">\r\n\t\t\t\t\t\t<div class=\"col-md-12\"><div class=\"item\"><div class=\"services-content sblock1  \">\r\n\t\t\t\t\t<img decoding=\"async\" src=\"http:\/\/consulca.com.mx\/wp-content\/uploads\/2019\/05\/diagnostico-nuevo.jpg\" alt=\"img\">\r\n\t\t\t\t\t<h3>Diagnostico <\/h3>\t\t\t\t\t\r\n\t\t\t\t\t<p> <\/p>\r\n\t\t\t\t\t<a href=\"http:\/\/consulca.com.mx\/servicios\">Leer mas<i class=\"fa fa-caret-right\"><\/i><\/a>\r\n\t\t\t\t<\/div><\/div><\/div>\n<div class=\"col-md-12\"><div class=\"item\"><div class=\"services-content sblock1  \">\r\n\t\t\t\t\t<img decoding=\"async\" src=\"http:\/\/consulca.com.mx\/wp-content\/uploads\/2019\/05\/DIPLOMADOS-CURSOS.jpg\" alt=\"img\">\r\n\t\t\t\t\t<h3>CURSOS, TALLERES Y DIPLOMADOS (PRESENCIALES Y ONLINE). <\/h3>\t\t\t\t\t\r\n\t\t\t\t\t<p><\/p>\r\n\t\t\t\t\t<a href=\"http:\/\/consulca.com.mx\/servicios\">Leer mas<i class=\"fa fa-caret-right\"><\/i><\/a>\r\n\t\t\t\t<\/div><\/div><\/div>\n<div class=\"col-md-12\"><div class=\"item\"><div class=\"services-content sblock1  \">\r\n\t\t\t\t\t<img decoding=\"async\" src=\"http:\/\/consulca.com.mx\/wp-content\/uploads\/2019\/05\/consultoria-de-neggocios.jpg\" alt=\"img\">\r\n\t\t\t\t\t<h3>CONSULTOR\u00cdA DE NEGOCIOS <\/h3>\t\t\t\t\t\r\n\t\t\t\t\t<p><\/p>\r\n\t\t\t\t\t<a href=\"#\">Leer mas<i class=\"fa fa-caret-right\"><\/i><\/a>\r\n\t\t\t\t<\/div><\/div><\/div>\n<div class=\"col-md-12\"><div class=\"item\"><div class=\"services-content sblock1  \">\r\n\t\t\t\t\t<img decoding=\"async\" src=\"http:\/\/consulca.com.mx\/wp-content\/uploads\/2019\/05\/adaptaci\u00f3n-de-cursos-y-proyectos.jpg\" alt=\"img\">\r\n\t\t\t\t\t<h3>ADAPTACI\u00d3N DE CUERSOS Y PROYECTOS A LAS NECESIDADES DE LAS ORGANIZACIONES (EN SITIO)  <\/h3>\t\t\t\t\t\r\n\t\t\t\t\t<p><\/p>\r\n\t\t\t\t\t<a href=\"http:\/\/consulca.com.mx\/servicios\">Leer mas<i class=\"fa fa-caret-right\"><\/i><\/a>\r\n\t\t\t\t<\/div><\/div><\/div>\n<div class=\"col-md-12\"><div class=\"item\"><div class=\"services-content sblock1  \">\r\n\t\t\t\t\t<img decoding=\"async\" src=\"http:\/\/consulca.com.mx\/wp-content\/uploads\/2019\/05\/pymesNUE.jpg\" alt=\"img\">\r\n\t\t\t\t\t<h3>PYMES <\/h3>\t\t\t\t\t\r\n\t\t\t\t\t<p>.<\/p>\r\n\t\t\t\t\t<a href=\"#\">Leer mas<i class=\"fa fa-caret-right\"><\/i><\/a>\r\n\t\t\t\t<\/div><\/div><\/div>\n<div class=\"col-md-12\"><div class=\"item\"><div class=\"services-content sblock1  \">\r\n\t\t\t\t\t<img decoding=\"async\" src=\"http:\/\/consulca.com.mx\/wp-content\/uploads\/2019\/05\/renta-de-salas.jpg\" alt=\"img\">\r\n\t\t\t\t\t<h3>RENTA DE SALAS <\/h3>\t\t\t\t\t\r\n\t\t\t\t\t<p><\/p>\r\n\t\t\t\t\t<a href=\"http:\/\/consulca.com.mx\/servicios\">Leer mas<i class=\"fa fa-caret-right\"><\/i><\/a>\r\n\t\t\t\t<\/div><\/div><\/div>\r\n\t\t\t\t\t<\/div><script type=\"text\/javascript\">\r\n\t\t\t\tjQuery(document).ready(function(){\r\n\t\t\t\t\tjQuery(\"#conent-slider-91149\").owlCarousel({\r\n\t\t\t\t\t\trtl\t:false,\r\n\t\t\t\t\t\t\t\tnav : true, \/\/ Show next and prev buttons\r\n\t\t\t\t\t\t\t\tdots:true,\r\n\t\t\t\t\t\t\t\titems : 3,\r\n\t\t\t\t\t\t\t\tautoplay: true,\r\n\t\t\t\t\t\t\t\tautoplayTimeout:3000,\r\n\t\t\t\t\t\t\t\tloop:true,\r\n\t\t\t\t\t\t\t\tmargin:0,\r\n\t\t\t\t\t\t\t\tresponsiveClass:true,\r\n\t\t\t\t\t\t\t\tresponsive:{\r\n\t\t\t\t\t\t\t\t\t0:{\r\n\t\t\t\t\t\t\t\t\t\titems:1,\r\n\t\t\t\t\t\t\t\t\t},\r\n\t\t\t\t\t\t\t\t\t600:{\r\n\t\t\t\t\t\t\t\t\t\titems:2,\r\n\t\t\t\t\t\t\t\t\t},\r\n\t\t\t\t\t\t\t\t\t1000:{\r\n\t\t\t\t\t\t\t\t\t\titems:3,\r\n\t\t\t\t\t\t\t\t\t}\r\n\t\t\t\t\t\t\t\t}\r\n\t\t\t\t\t});})\r\n\t\t\t<\/script>[\/vc_column_inner][\/vc_row_inner]<\/div><script>\r\n\t\t\tjQuery(function(){\r\n\t\t\t\tjQuery(\"#ytvideo9137\").mb_YTPlayer();\r\n\t\t\t});\r\n\t\t\t<\/script>[\/vc_column][\/vc_row][vc_row newlayout=\u00bbFixed\u00bb][vc_column]<div class=\"blank-spacer clearfix  \"  style=\"margin-bottom:80px !important; clear:both;\"><\/div>[\/vc_column][\/vc_row][vc_row css=\u00bb.vc_custom_1446374159215{margin-bottom: 0px !important;}\u00bb][vc_column css=\u00bb.vc_custom_1446374153527{padding-right: 0px !important;padding-left: 0px !important;}\u00bb]<div class=\"fullsize fullsize-background notopborder nobottomborder  \" style=\" background-color:#f6f7f8 !important; background-repeat:no-repeat !important; \">[vc_row_inner][vc_column_inner el_class=\u00bbfeatures-block\u00bb width=\u00bb1\/2&#8243;]<div class=\"blank-spacer clearfix  \"  style=\"margin-bottom:80px !important; clear:both;\"><\/div><div class=\"section-header tblock-default text-left   color-white\">\r\n\t\t\t\t<h3 class=\"tblock \" style=\"color: !important;\">Pr\u00f3ximos cursos y webinnar<\/h3><p style=\"color: !important;\">Conoce nuestro catalogo y elige el curso que se adapte a tus necesidades<\/p>\r\n\t\t\t<\/div>[vc_images_carousel images=\u00bb1095&#8243; img_size=\u00bbfull\u00bb speed=\u00bb2000&#8243; autoplay=\u00bbyes\u00bb hide_pagination_control=\u00bbyes\u00bb wrap=\u00bbyes\u00bb][\/vc_column_inner][vc_column_inner el_class=\u00bbanimation fadeInDown\u00bb width=\u00bb1\/2&#8243; css=\u00bb.vc_custom_1570470829110{background-color: #f2cf21 !important;}\u00bb]<div class=\"blank-spacer clearfix  \"  style=\"margin-bottom:80px !important; clear:both;\"><\/div><div class=\"section-header tblock-alter text-center   \">\r\n\t\t\t\t<i class=\"el icon_menu-square_alt2\" style=\"color: !important;\"><\/i>\r\n\t\t\t\t<h3 class=\"tblock \" style=\"color: !important;\">Inscribete<\/h3><p style=\"color: !important;\">Recibe informaci\u00f3n sobre el curso de tu inter\u00e9s<\/p>\r\n\t\t\t<\/div>[vc_column_text]<div role=\"form\" class=\"wpcf7\" id=\"wpcf7-f73-o2\" lang=\"en-US\" dir=\"ltr\">\n<div class=\"screen-reader-response\"><\/div>\n<form action=\"\/index.php?rest_route=%2Fwp%2Fv2%2Fpages%2F31#wpcf7-f73-o2\" method=\"post\" class=\"wpcf7-form quote-form\" novalidate=\"novalidate\">\n<div style=\"display: none;\">\n<input type=\"hidden\" name=\"_wpcf7\" value=\"73\" \/>\n<input type=\"hidden\" name=\"_wpcf7_version\" value=\"5.1.1\" \/>\n<input type=\"hidden\" name=\"_wpcf7_locale\" value=\"en_US\" \/>\n<input type=\"hidden\" name=\"_wpcf7_unit_tag\" value=\"wpcf7-f73-o2\" \/>\n<input type=\"hidden\" name=\"_wpcf7_container_post\" value=\"0\" \/>\n<input type=\"hidden\" name=\"g-recaptcha-response\" value=\"\" \/>\n<\/div>\n<div class=\"request-quote\">\n<div class=\"row\">\n<div class=\"form-group col-md-6\">\n<span class=\"wpcf7-form-control-wrap text-751\"><input type=\"text\" name=\"text-751\" value=\"\" size=\"40\" class=\"wpcf7-form-control wpcf7-text form-control\" aria-invalid=\"false\" placeholder=\"Ponga su nombre\" \/><\/span>\n<\/div>\n<div class=\"form-group col-md-6\">\n<span class=\"wpcf7-form-control-wrap text-752\"><input type=\"text\" name=\"text-752\" value=\"\" size=\"40\" class=\"wpcf7-form-control wpcf7-text form-control\" aria-invalid=\"false\" placeholder=\"Asunto\" \/><\/span>\n<\/div>\n<\/div>\n<div class=\"row\">\n<div class=\"form-group col-md-6\">\n<span class=\"wpcf7-form-control-wrap text-753\"><input type=\"text\" name=\"text-753\" value=\"\" size=\"40\" class=\"wpcf7-form-control wpcf7-text form-control\" aria-invalid=\"false\" placeholder=\"Correo electronico\" \/><\/span>\n<\/div>\n<div class=\"form-group col-md-6\">\n<span class=\"wpcf7-form-control-wrap menu-952\"><select name=\"menu-952\" class=\"wpcf7-form-control wpcf7-select\" aria-invalid=\"false\"><option value=\"Curso\">Curso<\/option><option value=\"Transportaci\u00f3n\">Transportaci\u00f3n<\/option><option value=\"ISO900\">ISO900<\/option><option value=\"servicios\">servicios<\/option><\/select><\/span>\n<\/div>\n<\/div>\n<div class=\"row\">\n<div class=\"form-group col-md-12\">\n<span class=\"wpcf7-form-control-wrap textarea-610\"><textarea name=\"textarea-610\" cols=\"40\" rows=\"10\" class=\"wpcf7-form-control wpcf7-textarea form-control\" aria-invalid=\"false\" placeholder=\"Mensaje\"><\/textarea><\/span>\n<\/div>\n<\/div>\n<div class=\"row\">\n<div class=\"form-group col-md-6\">\n<label><span class=\"wpcf7-form-control-wrap checkbox-303\"><span class=\"wpcf7-form-control wpcf7-checkbox\"><span class=\"wpcf7-list-item first last\"><input type=\"checkbox\" name=\"checkbox-303[]\" value=\"Recibir Noticias\" \/><span class=\"wpcf7-list-item-label\">Recibir Noticias<\/span><\/span><\/span><\/span><br \/>\n<\/label>\n<\/div>\n<div class=\"form-group col-md-6\">\n<input type=\"submit\" value=\"Enviar\" class=\"wpcf7-form-control wpcf7-submit btn pull-right\" \/>\n<\/div>\n<\/div>\n<\/div>\n<div class=\"wpcf7-response-output wpcf7-display-none\"><\/div><\/form><\/div>[\/vc_column_text][\/vc_column_inner][\/vc_row_inner]<\/div><script>\r\n\t\t\tjQuery(function(){\r\n\t\t\t\tjQuery(\"#ytvideo36749\").mb_YTPlayer();\r\n\t\t\t});\r\n\t\t\t<\/script>[\/vc_column][\/vc_row][vc_row newlayout=\u00bbFixed\u00bb][vc_column][vc_separator]<div class=\"section-header tblock-alter text-center   \">\r\n\t\t\t\t<i class=\"fa fa-child\" style=\"color: !important;\"><\/i>\r\n\t\t\t\t<h3 class=\"tblock \" style=\"color: !important;\">Nuestros clientes<\/h3><p style=\"color: !important;\"><\/p>\r\n\t\t\t<\/div>[\/vc_column][\/vc_row][vc_row newlayout=\u00bbFixed\u00bb css=\u00bb.vc_custom_1446389817854{margin-bottom: 0px !important;}\u00bb el_class=\u00bbtext-center\u00bb][vc_column]<div id=\"clients-slider-57651\" class=\"partners-logos  \">\r\n\t\t\t\t\t\t\n<div class=\"item\"><a href=\"#\"><img decoding=\"async\" src=\"http:\/\/consulca.com.mx\/wp-content\/uploads\/2019\/04\/chic.png\"  alt=\"carousel-img\" \/><\/a><\/div>\n\n<div class=\"item\"><a href=\"#\"><img decoding=\"async\" src=\"http:\/\/consulca.com.mx\/wp-content\/uploads\/2019\/04\/chic02.png\"  alt=\"carousel-img\" \/><\/a><\/div>\n\n<div class=\"item\"><a href=\"#\"><img decoding=\"async\" src=\"http:\/\/consulca.com.mx\/wp-content\/uploads\/2019\/04\/chi03.png\"  alt=\"carousel-img\" \/><\/a><\/div>\n\n<div class=\"item\"><a href=\"#\"><img decoding=\"async\" src=\"http:\/\/consulca.com.mx\/wp-content\/uploads\/2019\/04\/chic04.png\"  alt=\"carousel-img\" \/><\/a><\/div>\n\n<div class=\"item\"><a href=\"#\"><img decoding=\"async\" src=\"http:\/\/consulca.com.mx\/wp-content\/uploads\/2019\/04\/chic05.png\"  alt=\"carousel-img\" \/><\/a><\/div>\r\n\t\t\t\t\t<\/div><script type=\"text\/javascript\">\r\n\t\t\t\tjQuery(document).ready(function(){jQuery(\"#clients-slider-57651\").owlCarousel({\r\n\t\t\t\t\t\t\t\trtl\t:false,\r\n\t\t\t\t\t\t\t\tdots : false,\r\n\t\t\t\t\t\t\t\tloop: true,\r\n\t\t\t\t\t\t\t\tnav: false,\r\n\t\t\t\t\t\t\t\tautoplay: true,\r\n\t\t\t\t\t\t\t\tautoplayTimeout:3000,\r\n\t\t\t\t\t\t\t\titems : 5,\r\n\t\t\t\t\t\t\t\tresponsive: {\r\n\t\t\t\t\t\t\t\t\t0: {\r\n\t\t\t\t\t\t\t\t\t\titems: 1\r\n\t\t\t\t\t\t\t\t\t},\r\n\t\t\t\t\t\t\t\t\t768: {\r\n\t\t\t\t\t\t\t\t\t\titems: 4\r\n\t\t\t\t\t\t\t\t\t},\r\n\t\t\t\t\t\t\t\t\t1200: {\r\n\t\t\t\t\t\t\t\t\t\titems: 5,\r\n\t\t\t\t\t\t\t\t\t}\r\n\t\t\t\t\t\t\t\t}\r\n\t\t\t\t\t\t\t});})\r\n\t\t\t<\/script>[\/vc_column][\/vc_row]<\/p>\n","protected":false},"excerpt":{"rendered":"<p>[vc_row css=\u00bb.vc_custom_1579280388163{background-color: #ffffff !important;}\u00bb][vc_column][rev_slider_vc alias=\u00bbhome-corporate-2-slider\u00bb][vc_separator color=\u00bbcustom\u00bb accent_color=\u00bb#eeee22&#8243;][\/vc_column][\/vc_row][vc_row][vc_column][vc_row_inner][vc_column_inner width=\u00bb1\/4&#8243;][\/vc_column_inner][vc_column_inner width=\u00bb1\/2&#8243;][vc_column_text] Somos un grupo de consultores y formadores profesionales, especialistas en diferentes \u00e1reas de negocio. Hemos trabajado con m\u00e1s de 400 empresas en los \u00faltimos 20 a\u00f1os. Ayudamos a las organizaciones e individuos a elevar su nivel de servicio y hacerlos m\u00e1s rentables, utilizando plataformas tecnol\u00f3gicas. Mediante [&hellip;]<\/p>\n","protected":false},"author":1,"featured_media":0,"parent":0,"menu_order":0,"comment_status":"closed","ping_status":"closed","template":"homepage-template.php","meta":{"footnotes":""},"_links":{"self":[{"href":"http:\/\/consulca.com.mx\/index.php?rest_route=\/wp\/v2\/pages\/31"}],"collection":[{"href":"http:\/\/consulca.com.mx\/index.php?rest_route=\/wp\/v2\/pages"}],"about":[{"href":"http:\/\/consulca.com.mx\/index.php?rest_route=\/wp\/v2\/types\/page"}],"author":[{"embeddable":true,"href":"http:\/\/consulca.com.mx\/index.php?rest_route=\/wp\/v2\/users\/1"}],"replies":[{"embeddable":true,"href":"http:\/\/consulca.com.mx\/index.php?rest_route=%2Fwp%2Fv2%2Fcomments&post=31"}],"version-history":[{"count":235,"href":"http:\/\/consulca.com.mx\/index.php?rest_route=\/wp\/v2\/pages\/31\/revisions"}],"predecessor-version":[{"id":1120,"href":"http:\/\/consulca.com.mx\/index.php?rest_route=\/wp\/v2\/pages\/31\/revisions\/1120"}],"wp:attachment":[{"href":"http:\/\/consulca.com.mx\/index.php?rest_route=%2Fwp%2Fv2%2Fmedia&parent=31"}],"curies":[{"name":"wp","href":"https:\/\/api.w.org\/{rel}","templated":true}]}}